{"id":270,"date":"2024-11-05T16:29:26","date_gmt":"2024-11-05T13:29:26","guid":{"rendered":"https:\/\/www.saramed.com.tr\/tr\/?page_id=270"},"modified":"2024-11-07T15:02:25","modified_gmt":"2024-11-07T12:02:25","slug":"hakkimizda","status":"publish","type":"page","link":"https:\/\/www.saramed.com.tr\/tr\/hakkimizda\/","title":{"rendered":"Hakk\u0131m\u0131zda"},"content":{"rendered":"<p>Saramed olarak, cilt sa\u011fl\u0131\u011f\u0131 ve g\u00fczelli\u011fi alan\u0131nda dan\u0131\u015fanlar\u0131m\u0131za en y\u00fcksek kalitede hizmet sunma vizyonuyla hareket ediyoruz. En yeni teknolojileri ve bilimsel geli\u015fmeleri yak\u0131ndan takip ederek, ki\u015fisel cilt bak\u0131m ihtiya\u00e7lar\u0131n\u0131za y\u00f6nelik inovatif ve etkili \u00e7\u00f6z\u00fcmler \u00fcretiyoruz. Merkezimizde sundu\u011fumuz kapsaml\u0131 hizmetlerimiz sayesinde, cildinizin do\u011fal g\u00fczelli\u011fini ortaya \u00e7\u0131kar\u0131rken, g\u00fcvenli ve kal\u0131c\u0131 sonu\u00e7larla memnuniyetinizi sa\u011flamay\u0131 ama\u00e7l\u0131yoruz.<\/p>\n<p>Uzman kadromuz, alan\u0131nda e\u011fitimli ve deneyimli estetik ve sa\u011fl\u0131k profesyonellerinden olu\u015fmaktad\u0131r. Dan\u0131\u015fanlar\u0131m\u0131z\u0131n g\u00fczellik ve sa\u011fl\u0131kl\u0131 cilt hedeflerine ula\u015fmalar\u0131n\u0131 desteklemek amac\u0131yla, onlara \u00f6zel, detayl\u0131 analiz ve de\u011ferlendirmeler yaparak ki\u015fiye \u00f6zel tedavi programlar\u0131 sunuyoruz. B\u00f6ylece, her bir dan\u0131\u015fan\u0131m\u0131z\u0131n ihtiyac\u0131na uygun ve beklentilerini en iyi \u015fekilde kar\u015f\u0131layacak bir deneyim ya\u015famalar\u0131n\u0131 sa\u011fl\u0131yoruz.<\/p>\n<p>Merkezimizde, farkl\u0131 cilt ihtiya\u00e7lar\u0131na y\u00f6nelik olarak sundu\u011fumuz Cilt Tedavileri ve en son teknolojiyle yap\u0131lan Lazer Tedavileri ba\u015fta olmak \u00fczere \u00e7e\u015fitli tedavi y\u00f6ntemleriyle dan\u0131\u015fanlar\u0131m\u0131z\u0131n cilt sa\u011fl\u0131\u011f\u0131n\u0131 en iyi \u015fekilde destekliyoruz. Akne, leke tedavisi, cilt yenileme ve k\u0131r\u0131\u015f\u0131kl\u0131k giderme gibi pek \u00e7ok \u00f6zel ihtiyaca yan\u0131t veren tedavilerimiz sayesinde, cildinizin sa\u011fl\u0131\u011f\u0131n\u0131 ve g\u00fczelli\u011fini korumak \u00e7ok daha kolay.<\/p>\n<p>Yenilik\u00e7i ve bilimsel yakla\u015f\u0131m\u0131m\u0131zla Saramed, cilt bak\u0131m\u0131nda profesyonel ve s\u00fcrd\u00fcr\u00fclebilir \u00e7\u00f6z\u00fcmler sunarak estetik anlay\u0131\u015f\u0131n\u0131za de\u011fer katmaya devam ediyor. Cildinizin ihtiya\u00e7 duydu\u011fu \u00f6zeni ve ilgiyi en iyi \u015fekilde kar\u015f\u0131layarak, kendinizi her g\u00fcn daha gen\u00e7, sa\u011fl\u0131kl\u0131 ve mutlu hissetmeniz i\u00e7in yan\u0131n\u0131zday\u0131z. Cildiniz, g\u00fczelli\u011finiz ve kendinize olan g\u00fcveniniz i\u00e7in Saramed&#8217;i tercih edin, g\u00fczelli\u011finizin do\u011fal \u0131\u015f\u0131lt\u0131s\u0131n\u0131 yeniden ke\u015ffedin.<\/p>\n<h3><strong>Vizyon<\/strong><\/h3>\n<p>Saramed olarak vizyonumuz, g\u00fcvenilir, yenilik\u00e7i ve m\u00fc\u015fteri memnuniyetini en \u00fcst d\u00fczeyde tutan \u00e7\u00f6z\u00fcmlerle, ameliyats\u0131z estetik ve medikal estetik alan\u0131nda T\u00fcrkiye\u2019nin \u00f6nde gelen hizmet sa\u011flay\u0131c\u0131lar\u0131ndan biri olmakt\u0131r. \u0130leri teknolojiler ve modern teknikler ile do\u011fal g\u00fczelli\u011fi ve ki\u015fisel \u00f6zg\u00fcveni destekleyen, sekt\u00f6rde ilham verici bir lider olmay\u0131 hedefliyoruz.<\/p>\n<h3><strong>Misyon<\/strong><\/h3>\n<p>Saramed\u2019in misyonu, hastalar\u0131m\u0131z\u0131n ihtiya\u00e7lar\u0131n\u0131 en iyi \u015fekilde anlayarak onlara en y\u00fcksek kalitede medikal estetik ve lazer uygulamalar\u0131 sunmakt\u0131r. Profesyonel kadromuz ve g\u00fcncel teknolojilerimizle, g\u00fcvenli, etkili ve do\u011fal sonu\u00e7lar elde etmeyi ama\u00e7l\u0131yoruz. G\u00fczellik ve estetik ihtiya\u00e7lar\u0131n\u0131za ki\u015fisel \u00e7\u00f6z\u00fcmler sunarak, her ziyaretinizde kendinizi \u00f6zel hissetmenizi sa\u011flamak en b\u00fcy\u00fck \u00f6nceli\u011fimizdir.<br \/>\n<center><\/p>\n<div class=\"row\">\n<div class=\"col-md-6\">\n<img decoding=\"async\" src=\"https:\/\/www.saramed.com.tr\/tr\/wp-content\/uploads\/2024\/11\/saraaa.jpg\" class=\"img-fluid\" alt=\"\" title=\"\"><\/p>\n<h3>Uzm. Est. Sara Yaman<\/h3>\n<\/div>\n<div class=\"col-md-6\">\n<img decoding=\"async\" src=\"https:\/\/www.saramed.com.tr\/tr\/wp-content\/uploads\/2024\/11\/resataktas.jpg\" class=\"img-fluid\" alt=\"\" title=\"\"><\/p>\n<h3>Op. Dr. Re\u015fat Akta\u015f<\/h3>\n<\/div>\n<\/div>\n<p><\/center><\/p>\n","protected":false},"excerpt":{"rendered":"<p>Saramed olarak, cilt sa\u011fl\u0131\u011f\u0131 ve g\u00fczelli\u011fi alan\u0131nda dan\u0131\u015fanlar\u0131m\u0131za en y\u00fcksek kalitede hizmet sunma vizyonuyla hareket ediyoruz. En yeni teknolojileri ve bilimsel geli\u015fmeleri yak\u0131ndan takip ederek, ki\u015fisel cilt bak\u0131m ihtiya\u00e7lar\u0131n\u0131za y\u00f6nelik inovatif ve etkili \u00e7\u00f6z\u00fcmler \u00fcretiyoruz. Merkezimizde sundu\u011fumuz kapsaml\u0131 hizmetlerimiz sayesinde, cildinizin do\u011fal g\u00fczelli\u011fini ortaya \u00e7\u0131kar\u0131rken, g\u00fcvenli ve kal\u0131c\u0131 sonu\u00e7larla memnuniyetinizi sa\u011flamay\u0131 ama\u00e7l\u0131yoruz. Uzman kadromuz, alan\u0131nda [&hellip;]<\/p>\n","protected":false},"author":1,"featured_media":0,"parent":0,"menu_order":0,"comment_status":"closed","ping_status":"closed","template":"","meta":{"footnotes":""},"class_list":["post-270","page","type-page","status-publish","hentry"],"_links":{"self":[{"href":"https:\/\/www.saramed.com.tr\/tr\/wp-json\/wp\/v2\/pages\/270","targetHints":{"allow":["GET"]}}],"collection":[{"href":"https:\/\/www.saramed.com.tr\/tr\/wp-json\/wp\/v2\/pages"}],"about":[{"href":"https:\/\/www.saramed.com.tr\/tr\/wp-json\/wp\/v2\/types\/page"}],"author":[{"embeddable":true,"href":"https:\/\/www.saramed.com.tr\/tr\/wp-json\/wp\/v2\/users\/1"}],"replies":[{"embeddable":true,"href":"https:\/\/www.saramed.com.tr\/tr\/wp-json\/wp\/v2\/comments?post=270"}],"version-history":[{"count":5,"href":"https:\/\/www.saramed.com.tr\/tr\/wp-json\/wp\/v2\/pages\/270\/revisions"}],"predecessor-version":[{"id":396,"href":"https:\/\/www.saramed.com.tr\/tr\/wp-json\/wp\/v2\/pages\/270\/revisions\/396"}],"wp:attachment":[{"href":"https:\/\/www.saramed.com.tr\/tr\/wp-json\/wp\/v2\/media?parent=270"}],"curies":[{"name":"wp","href":"https:\/\/api.w.org\/{rel}","templated":true}]}}